{"id":877,"date":"2013-12-16T09:57:42","date_gmt":"2013-12-16T09:57:42","guid":{"rendered":"http:\/\/localhost:8888\/test\/?page_id=2000"},"modified":"2026-01-22T06:01:31","modified_gmt":"2026-01-22T06:01:31","slug":"accueil","status":"publish","type":"page","link":"https:\/\/soniachampagne.com\/","title":{"rendered":"Accueil"},"content":{"rendered":"\n\n  <div class=\"banner has-hover\" id=\"banner-1402290170\">\n          <div class=\"banner-inner fill\">\n        <div class=\"banner-bg fill\" >\n            <img loading=\"lazy\" decoding=\"async\" width=\"960\" height=\"768\" src=\"https:\/\/soniachampagne.com\/wp-content\/uploads\/2024\/11\/70e2db750d91661c32f8e89d82cff18c_fit.jpg\" class=\"bg attachment-large size-large\" alt=\"\" \/>                        <div class=\"overlay\"><\/div>            \n                    <\/div>\n\t\t\n        <div class=\"banner-layers container\">\n            <div class=\"fill banner-link\"><\/div>            \n\n   <div id=\"text-box-598056665\" class=\"text-box banner-layer x100 md-x100 lg-x100 y15 md-y15 lg-y15 res-text\">\n                                <div class=\"text-box-content text dark\">\n              \n              <div class=\"text-inner text-center\">\n                  \n\n\t<div id=\"text-2982608312\" class=\"text\">\n\t\t\n\n<p class=\"alt-font\" style=\"text-align: right;\"><span style=\"font-size: 200%;\">&nbsp; &nbsp; &nbsp; &nbsp; &nbsp; &nbsp; &nbsp; &nbsp; &nbsp; &nbsp; &nbsp;Sonia Champagne<\/span><\/p>\n<h1>&nbsp;<\/h1>\n\t\t\n<style>\n#text-2982608312 {\n  font-size: 1.9rem;\n  line-height: 0.75;\n  text-align: center;\n}\n<\/style>\n\t<\/div>\n\t\n\n              <\/div>\n           <\/div>\n                            \n<style>\n#text-box-598056665 {\n  width: 80%;\n}\n#text-box-598056665 .text-box-content {\n  font-size: 100%;\n}\n@media (min-width:550px) {\n  #text-box-598056665 {\n    width: 69%;\n  }\n}\n<\/style>\n    <\/div>\n \n\n        <\/div>\n      <\/div>\n\n            \n<style>\n#banner-1402290170 {\n  padding-top: 255px;\n}\n#banner-1402290170 .overlay {\n  background-color: rgba(0, 0, 0, 0.35);\n}\n<\/style>\n  <\/div>\n\n\n<div class=\"container section-title-container\" ><h2 class=\"section-title section-title-bold-center\"><b><\/b><span class=\"section-title-main\" style=\"font-size:undefined%;\">Spectacles &amp; Danses<\/span><b><\/b><\/h2><\/div>\n\n\n\t<section class=\"section\" id=\"section_420430329\">\n\t\t<div class=\"section-bg fill\" >\n\t\t\t\t\t\t\t\t\t\n\t\t\t\n\n\t\t<\/div>\n\n\t\t\n\n\t\t<div class=\"section-content relative\">\n\t\t\t\n\n<div class=\"row\"  id=\"row-782803530\">\n\n\n\t<div id=\"col-149393617\" class=\"col medium-4 small-12 large-4\"  >\n\t\t\t\t<div class=\"col-inner\"  >\n\t\t\t\n\t\t\t\n\n\t<div class=\"img has-hover x md-x lg-x y md-y lg-y\" id=\"image_881209661\">\n\t\t<a class=\"\" href=\"https:\/\/soniachampagne.com\/?page_id=1374\" >\t\t\t\t\t\t<div class=\"img-inner dark\" >\n\t\t\t<img loading=\"lazy\" decoding=\"async\" width=\"766\" height=\"1024\" src=\"https:\/\/soniachampagne.com\/wp-content\/uploads\/2026\/01\/1-Poster-Georges-Hamel-vrai.jpg\" class=\"attachment-large size-large\" alt=\"\" \/>\t\t\t\t\t\t\n\t\t\t\t\t<\/div>\n\t\t\t\t\t\t<\/a>\t\t\n<style>\n#image_881209661 {\n  width: 100%;\n}\n<\/style>\n\t<\/div>\n\t\n\n\n\t\t<\/div>\n\t\t\t\t\t<\/div>\n\n\t\n\n\t<div id=\"col-167167001\" class=\"col medium-4 small-12 large-4\"  >\n\t\t\t\t<div class=\"col-inner\"  >\n\t\t\t\n\t\t\t\n\n\t<div class=\"img has-hover x md-x lg-x y md-y lg-y\" id=\"image_107942667\">\n\t\t\t\t\t\t\t\t<div class=\"img-inner dark\" >\n\t\t\t<img loading=\"lazy\" decoding=\"async\" width=\"806\" height=\"1024\" src=\"https:\/\/soniachampagne.com\/wp-content\/uploads\/2025\/09\/Taille-originale-Sonia-Champagne-2.png\" class=\"attachment-large size-large\" alt=\"\" \/>\t\t\t\t\t\t\n\t\t\t\t\t<\/div>\n\t\t\t\t\t\t\t\t\n<style>\n#image_107942667 {\n  width: 100%;\n}\n<\/style>\n\t<\/div>\n\t\n\n\n\t\t<\/div>\n\t\t\t\t\t<\/div>\n\n\t\n\n\t<div id=\"col-987857229\" class=\"col medium-4 small-12 large-4\"  >\n\t\t\t\t<div class=\"col-inner\"  >\n\t\t\t\n\t\t\t\n\n\n\t\t<\/div>\n\t\t\t\t\t<\/div>\n\n\t\n\n<\/div>\n\n\t\t<\/div>\n\n\t\t\n<style>\n#section_420430329 {\n  padding-top: 30px;\n  padding-bottom: 30px;\n}\n<\/style>\n\t<\/section>\n\t\n<div class=\"container section-title-container\" ><h2 class=\"section-title section-title-bold-center\"><b><\/b><span class=\"section-title-main\" style=\"font-size:undefined%;\">Prestations de service<\/span><b><\/b><\/h2><\/div>\n\n<div class=\"row row-large\"  id=\"row-1701346852\">\n\n\n\t<div id=\"col-30404094\" class=\"col medium-4 small-12 large-4\"  >\n\t\t\t\t<div class=\"col-inner\"  >\n\t\t\t\n\t\t\t\n\n\t<div class=\"img has-hover x md-x lg-x y md-y lg-y\" id=\"image_2031260518\">\n\t\t\t\t\t\t\t\t<div class=\"img-inner dark\" >\n\t\t\t<img loading=\"lazy\" decoding=\"async\" width=\"800\" height=\"960\" src=\"https:\/\/soniachampagne.com\/wp-content\/uploads\/2024\/11\/e3dc8fc1a2fe9999a0ba15985762c12e_fit.jpg\" class=\"attachment-large size-large\" alt=\"\" srcset=\"https:\/\/soniachampagne.com\/wp-content\/uploads\/2024\/11\/e3dc8fc1a2fe9999a0ba15985762c12e_fit.jpg 800w, https:\/\/soniachampagne.com\/wp-content\/uploads\/2024\/11\/e3dc8fc1a2fe9999a0ba15985762c12e_fit-600x720.jpg 600w, https:\/\/soniachampagne.com\/wp-content\/uploads\/2024\/11\/e3dc8fc1a2fe9999a0ba15985762c12e_fit-250x300.jpg 250w, https:\/\/soniachampagne.com\/wp-content\/uploads\/2024\/11\/e3dc8fc1a2fe9999a0ba15985762c12e_fit-768x922.jpg 768w\" sizes=\"auto, (max-width: 800px) 100vw, 800px\" \/>\t\t\t\t\t\t\n\t\t\t\t\t<\/div>\n\t\t\t\t\t\t\t\t\n<style>\n#image_2031260518 {\n  width: 100%;\n}\n<\/style>\n\t<\/div>\n\t\n\n<div id=\"a188dd9be667144cacc3800509062dd0\" class=\"wb_element wb_text_element\" data-plugin=\"TextArea\">\n<h4 class=\"wb-stl-pagetitle\" style=\"text-align: center;\"><strong>Chanteuse pour mariages<\/strong><\/h4>\n<\/div>\n<div id=\"a188dd9be66715d3efdabdc5407df122\" class=\"wb_element wb_text_element\" data-plugin=\"TextArea\">\n<p class=\"wb-stl-normal\" style=\"text-align: center;\">Sonia Champagne propose ses services de chanteuse pour rendre votre mariage inoubliable. Elle saura s&rsquo;adapter \u00e0 vos go\u00fbts musicaux et faire danser toutes&nbsp;vos convives jusqu&rsquo;au bout de la nuit.<\/p>\n<\/div>\n<div id=\"a18cf7863d0800871409e1628e05ada1\" class=\"wb_element wb-layout-element\" data-plugin=\"LayoutElement\">\n<div class=\"wb_content wb-layout-horizontal\">\n<div id=\"a188dd9be667167889e2a457cb97bbae\" class=\"wb_element\" style=\"text-align: center;\" data-plugin=\"Button\"><a class=\"wb_button\" href=\"https:\/\/soniachampagne.ca\/#Reservations\" data-popup-processed=\"true\">Plus d&rsquo;informations<\/a><\/div>\n<\/div>\n<\/div>\n\n\t\t<\/div>\n\t\t\t\t\t<\/div>\n\n\t\n\n\t<div id=\"col-442326907\" class=\"col medium-4 small-12 large-4\"  >\n\t\t\t\t<div class=\"col-inner\"  >\n\t\t\t\n\t\t\t\n\n\t<div class=\"img has-hover x md-x lg-x y md-y lg-y\" id=\"image_887855047\">\n\t\t\t\t\t\t\t\t<div class=\"img-inner dark\" >\n\t\t\t<img loading=\"lazy\" decoding=\"async\" width=\"800\" height=\"960\" src=\"https:\/\/soniachampagne.com\/wp-content\/uploads\/2024\/11\/8fe7fa2b7908249b52d0a28404ab2df4_fit.jpg\" class=\"attachment-large size-large\" alt=\"\" srcset=\"https:\/\/soniachampagne.com\/wp-content\/uploads\/2024\/11\/8fe7fa2b7908249b52d0a28404ab2df4_fit.jpg 800w, https:\/\/soniachampagne.com\/wp-content\/uploads\/2024\/11\/8fe7fa2b7908249b52d0a28404ab2df4_fit-600x720.jpg 600w, https:\/\/soniachampagne.com\/wp-content\/uploads\/2024\/11\/8fe7fa2b7908249b52d0a28404ab2df4_fit-250x300.jpg 250w, https:\/\/soniachampagne.com\/wp-content\/uploads\/2024\/11\/8fe7fa2b7908249b52d0a28404ab2df4_fit-768x922.jpg 768w\" sizes=\"auto, (max-width: 800px) 100vw, 800px\" \/>\t\t\t\t\t\t\n\t\t\t\t\t<\/div>\n\t\t\t\t\t\t\t\t\n<style>\n#image_887855047 {\n  width: 100%;\n}\n<\/style>\n\t<\/div>\n\t\n\n<div id=\"a188dd9be6671ac104261cdc39f897c4\" class=\"wb_element wb_text_element\" data-plugin=\"TextArea\">\n<h4 class=\"wb-stl-pagetitle\" style=\"text-align: center;\"><strong>Animation de soir\u00e9es corporatives<\/strong><\/h4>\n<\/div>\n<div id=\"a188dd9be6671bde1452505b2b5811ca\" class=\"wb_element wb_text_element\" style=\"text-align: center;\" data-plugin=\"TextArea\">\n<p class=\"wb-stl-normal\">Pour vos soir\u00e9es corporatives, faites confiance \u00e0 Sonia pour animer l&rsquo;\u00e9v\u00e9nement avec professionnalisme et originalit\u00e9. Elle saura cr\u00e9er une ambiance m\u00e9morable pour vos coll\u00e8gues et clients.<\/p>\n<\/div>\n<div id=\"a18cf7e2fa4900eec26fd466b465174b\" class=\"wb_element wb-layout-element\" data-plugin=\"LayoutElement\">\n<div class=\"wb_content wb-layout-vertical\">\n<div id=\"a188dd9be6671c75009e082687453c00\" class=\"wb_element\" style=\"text-align: center;\" data-plugin=\"Button\"><a class=\"wb_button\" href=\"https:\/\/soniachampagne.ca\/#Reservations\" data-popup-processed=\"true\">Plus d&rsquo;informations<\/a><\/div>\n<\/div>\n<\/div>\n\n\t\t<\/div>\n\t\t\t\t\t<\/div>\n\n\t\n\n\t<div id=\"col-1900175196\" class=\"col medium-4 small-12 large-4\"  >\n\t\t\t\t<div class=\"col-inner\"  >\n\t\t\t\n\t\t\t\n\n\t<div class=\"img has-hover x md-x lg-x y md-y lg-y\" id=\"image_255149772\">\n\t\t\t\t\t\t\t\t<div class=\"img-inner dark\" >\n\t\t\t<img loading=\"lazy\" decoding=\"async\" width=\"800\" height=\"960\" src=\"https:\/\/soniachampagne.com\/wp-content\/uploads\/2024\/11\/d4e325bcc93903bca8411cc5c6161252_fit.jpg\" class=\"attachment-large size-large\" alt=\"\" srcset=\"https:\/\/soniachampagne.com\/wp-content\/uploads\/2024\/11\/d4e325bcc93903bca8411cc5c6161252_fit.jpg 800w, https:\/\/soniachampagne.com\/wp-content\/uploads\/2024\/11\/d4e325bcc93903bca8411cc5c6161252_fit-600x720.jpg 600w, https:\/\/soniachampagne.com\/wp-content\/uploads\/2024\/11\/d4e325bcc93903bca8411cc5c6161252_fit-250x300.jpg 250w, https:\/\/soniachampagne.com\/wp-content\/uploads\/2024\/11\/d4e325bcc93903bca8411cc5c6161252_fit-768x922.jpg 768w\" sizes=\"auto, (max-width: 800px) 100vw, 800px\" \/>\t\t\t\t\t\t\n\t\t\t\t\t<\/div>\n\t\t\t\t\t\t\t\t\n<style>\n#image_255149772 {\n  width: 100%;\n}\n<\/style>\n\t<\/div>\n\t\n\n<div id=\"a188dd9be6672023f95a367225c52da6\" class=\"wb_element wb_text_element\" data-plugin=\"TextArea\">\n<h4 class=\"wb-stl-pagetitle\" style=\"text-align: center;\"><strong>Musique live,&nbsp; \u00e9v\u00e9nements sp\u00e9ciaux<\/strong><\/h4>\n<\/div>\n<div id=\"a188dd9be667212336833a41bf8568e9\" class=\"wb_element wb_text_element\" style=\"text-align: center;\" data-plugin=\"TextArea\">\n<p class=\"wb-stl-normal\">Besoin d&rsquo;une performance musicale live pour un \u00e9v\u00e9nement sp\u00e9cial? Sonia et ses musiciens sauront captiver votre public avec des prestations musicales de qualit\u00e9, adapt\u00e9es \u00e0 vos besoins.<\/p>\n<\/div>\n<div id=\"a18cf78bc6b70018eff380eb6d519054\" class=\"wb_element wb-layout-element\" data-plugin=\"LayoutElement\">\n<div class=\"wb_content wb-layout-horizontal\">\n<div id=\"a188dd9be667222a62dc68081bf57e11\" class=\"wb_element\" style=\"text-align: center;\" data-plugin=\"Button\"><a class=\"wb_button\" href=\"https:\/\/soniachampagne.ca\/#Reservations\" data-popup-processed=\"true\">Plus d&rsquo;informations<\/a><\/div>\n<\/div>\n<\/div>\n\n\t\t<\/div>\n\t\t\t\t\t<\/div>\n\n\t\n\n<\/div>\n\t<div id=\"text-4134968705\" class=\"text\">\n\t\t\n\n<h2 class=\"wb-stl-pagetitle\"><strong>Foire aux questions<\/strong><\/h2>\n\t\t\n<style>\n#text-4134968705 {\n  font-size: 1.3rem;\n  line-height: 1.4;\n  text-align: center;\n}\n<\/style>\n\t<\/div>\n\t\n<div class=\"accordion\">\n\n\t<div id=\"accordion-2239745246\" class=\"accordion-item\">\n\t\t<a id=\"accordion-2239745246-label\" class=\"accordion-title plain\" href=\"#accordion-item-quels-types-de-musique-proposez-vous?\" aria-expanded=\"false\" aria-controls=\"accordion-2239745246-content\" >\n\t\t\t<button class=\"toggle\" aria-label=\"Toggle\"><i class=\"icon-angle-down\"><\/i><\/button>\n\t\t\t<span>Quels types de musique proposez-vous?<\/span>\n\t\t<\/a>\n\t\t<div id=\"accordion-2239745246-content\" class=\"accordion-inner\" aria-labelledby=\"accordion-2239745246-label\" >\n\t\t\t\n\n<h4>Je propose une large vari\u00e9t\u00e9 de styles musicaux incluant, du Country, du R\u00e9tro, du Pop, du Disco et du Rock, avec ou sans musiciens.<\/h4>\n\n\t\t<\/div>\n\t<\/div>\n\t\n\t<div id=\"accordion-1457345145\" class=\"accordion-item\">\n\t\t<a id=\"accordion-1457345145-label\" class=\"accordion-title plain\" href=\"#accordion-item-fournissez-vous-votre-propre-\u00e9quipement?\" aria-expanded=\"false\" aria-controls=\"accordion-1457345145-content\" >\n\t\t\t<button class=\"toggle\" aria-label=\"Toggle\"><i class=\"icon-angle-down\"><\/i><\/button>\n\t\t\t<span>Fournissez-vous votre propre \u00e9quipement?<\/span>\n\t\t<\/a>\n\t\t<div id=\"accordion-1457345145-content\" class=\"accordion-inner\" aria-labelledby=\"accordion-1457345145-label\" >\n\t\t\t\n\n<h4>Oui, je poss\u00e8de mon propre \u00e9quipement sonore et d&rsquo;\u00e9clairage pour assurer le succ\u00e8s de votre \u00e9v\u00e9nement.<\/h4>\n\n\t\t<\/div>\n\t<\/div>\n\t\n\t<div id=\"accordion-394913637\" class=\"accordion-item\">\n\t\t<a id=\"accordion-394913637-label\" class=\"accordion-title plain\" href=\"#accordion-item-pouvez-vous-personnaliser-la-playlist-pour-notre-\u00e9v\u00e9nement?\" aria-expanded=\"false\" aria-controls=\"accordion-394913637-content\" >\n\t\t\t<button class=\"toggle\" aria-label=\"Toggle\"><i class=\"icon-angle-down\"><\/i><\/button>\n\t\t\t<span>Pouvez-vous personnaliser la playlist pour notre \u00e9v\u00e9nement?<\/span>\n\t\t<\/a>\n\t\t<div id=\"accordion-394913637-content\" class=\"accordion-inner\" aria-labelledby=\"accordion-394913637-label\" >\n\t\t\t\n\n<h4>Absolument! Je suis \u00e0 l&rsquo;\u00e9coute de vos pr\u00e9f\u00e9rences et je peux personnaliser la playlist en fonction de vos go\u00fbts et de l&rsquo;ambiance que vous souhaitez cr\u00e9er.<\/h4>\n\n\t\t<\/div>\n\t<\/div>\n\t\n\t<div id=\"accordion-1952042074\" class=\"accordion-item\">\n\t\t<a id=\"accordion-1952042074-label\" class=\"accordion-title plain\" href=\"#accordion-item-organisez-vous-des-soir\u00e9es-karaok\u00e9?\" aria-expanded=\"false\" aria-controls=\"accordion-1952042074-content\" >\n\t\t\t<button class=\"toggle\" aria-label=\"Toggle\"><i class=\"icon-angle-down\"><\/i><\/button>\n\t\t\t<span>Organisez-vous des soir\u00e9es karaok\u00e9?<\/span>\n\t\t<\/a>\n\t\t<div id=\"accordion-1952042074-content\" class=\"accordion-inner\" aria-labelledby=\"accordion-1952042074-label\" >\n\t\t\t\n\n<h4>Oui bien sur.<\/h4>\n\n\t\t<\/div>\n\t<\/div>\n\t\n\n<\/div>\n\t<div id=\"text-3902583132\" class=\"text\">\n\t\t\n\n<h2 class=\"wb-stl-custom9\"><strong>T\u00e9moignages<\/strong><\/h2>\n\t\t\n<style>\n#text-3902583132 {\n  font-size: 1.5rem;\n  text-align: center;\n}\n<\/style>\n\t<\/div>\n\t\n<div class=\"row\"  id=\"row-1698866265\">\n\n\n\t<div id=\"col-357691839\" class=\"col medium-4 small-12 large-4\"  >\n\t\t\t\t<div class=\"col-inner box-shadow-4\" style=\"background-color:#73e7fc;\" >\n\t\t\t\n\t\t\t\n\n\t<div id=\"text-1352848829\" class=\"text\">\n\t\t\n\n<div id=\"a18cf79e8d19063d439d72b389cb34f8\" class=\"wb_element wb-layout-element\" data-plugin=\"LayoutElement\">\n<div class=\"wb_content wb-layout-vertical\">\n<div id=\"a18cf79e8d1908b93ad3ca2c9de065cb\" class=\"wb_element wb_text_element\" data-plugin=\"TextArea\">\n<h3 class=\"wb-stl-custom8\" style=\"text-align: center;\">Marie-Claude Tremblay<\/h3>\n<\/div>\n<\/div>\n<\/div>\n<div id=\"a18cf79e8d190ad7f872219bf7e52e79\" class=\"wb_element wb_text_element\" data-plugin=\"TextArea\">\n<p class=\"wb-stl-custom6\" style=\"text-align: center;\">&nbsp;<\/p>\n<p class=\"wb-stl-custom6\" style=\"text-align: center;\">Sonia a su mettre une ambiance incroyable lors de notre mariage. Sa s\u00e9lection musicale \u00e9tait parfaite et a plu \u00e0 tous nos invit\u00e9s. Nous la recommandons vivement pour tout \u00e9v\u00e9nement sp\u00e9cial!<\/p>\n<\/div>\n<div id=\"a18cf79e8d190ba6d01271ba024a34e1\" class=\"wb_element wb-layout-element\" data-plugin=\"LayoutElement\">\n<div class=\"wb_content wb-layout-vertical\">\n<div id=\"a18cf79e8d190c9fcace73e985ebadf6\" class=\"wb_element wb_element_picture\" title=\"\" data-plugin=\"Picture\">\n<div class=\"wb_picture_wrap\">\n<div class=\"wb-picture-wrapper\">\uf10e<\/div>\n<\/div>\n<\/div>\n<\/div>\n<\/div>\n\t\t\n<style>\n#text-1352848829 {\n  font-size: 1.55rem;\n  line-height: 1.55;\n}\n<\/style>\n\t<\/div>\n\t\n\n\t\t<\/div>\n\t\t\t\t\n<style>\n#col-357691839 > .col-inner {\n  border-radius: 58px;\n}\n<\/style>\n\t<\/div>\n\n\t\n\n\t<div id=\"col-70527210\" class=\"col medium-4 small-12 large-4\"  >\n\t\t\t\t<div class=\"col-inner box-shadow-2\" style=\"background-color:#73e7fc;\" >\n\t\t\t\n\t\t\t\n\n\t<div id=\"text-2077657949\" class=\"text\">\n\t\t\n\n<div id=\"a18cf79e8d190fcba37cf510ff6789ef\" class=\"wb_element wb-layout-element\" data-plugin=\"LayoutElement\">\n<div class=\"wb_content wb-layout-vertical\">\n<div id=\"a18cf79e8d1911e265d50dc6f3c8638b\" class=\"wb_element wb_text_element\" data-plugin=\"TextArea\">\n<h3 class=\"wb-stl-custom8\" style=\"text-align: center;\">Annie Campeau<\/h3>\n<\/div>\n<\/div>\n<\/div>\n<div id=\"a18cf79e8d1913648a5799800c2474a9\" class=\"wb_element wb_text_element\" data-plugin=\"TextArea\">\n<p style=\"text-align: center;\">&nbsp;<\/p>\n<p class=\"wb-stl-custom6\" style=\"text-align: center;\">Une soir\u00e9e m\u00e9morable! Il est incroyable de voir \u00e0 quel point Sonia&nbsp;peut \u00eatre&nbsp;passionn\u00e9es. Sonia a donn\u00e9 une performance de&nbsp;4 heures&nbsp;sans interruption, encha\u00eenant des chansons de disco et de country. C\u2019est vraiment impressionnant!<\/p>\n<\/div>\n\t\t\n<style>\n#text-2077657949 {\n  font-size: 1.5rem;\n  line-height: 1.5;\n}\n<\/style>\n\t<\/div>\n\t\n\n\t\t<\/div>\n\t\t\t\t\n<style>\n#col-70527210 > .col-inner {\n  border-radius: 48px;\n}\n<\/style>\n\t<\/div>\n\n\t\n\n\t<div id=\"col-296752246\" class=\"col medium-4 small-12 large-4\"  >\n\t\t\t\t<div class=\"col-inner box-shadow-3\" style=\"background-color:#73e7fc;\" data-parallax-fade=\"true\" data-parallax=\"-1\">\n\t\t\t\n\t<div class=\"is-border\"\n\t\tstyle=\"border-radius:38px;border-width:0px 0px 0px 0px;margin:0px 0px 0px 0px;\">\n\t<\/div>\n\t\t\t\n\n\t<div id=\"text-1500519558\" class=\"text\">\n\t\t\n\n<div id=\"a18cf79e8d191808028ef1aa6d6471fd\" class=\"wb_element wb-layout-element\" data-plugin=\"LayoutElement\">\n<div class=\"wb_content wb-layout-vertical\">\n<div id=\"a18cf79e8d191a47994a395918698bc0\" class=\"wb_element wb_text_element\" data-plugin=\"TextArea\">\n<h3 class=\"wb-stl-custom8\" style=\"text-align: center;\">Dave Willson<\/h3>\n<\/div>\n<\/div>\n<\/div>\n<div id=\"a18cf79e8d191ccbc4549e31960b9201\" class=\"wb_element wb_text_element\" data-plugin=\"TextArea\">\n<p class=\"wb-stl-custom6\" style=\"text-align: center;\">&nbsp;<\/p>\n<p class=\"wb-stl-custom6\" style=\"text-align: center;\">Juste WOW!<\/p>\n<p class=\"wb-stl-custom6\" style=\"text-align: center;\">Sonia, elle est magique.<\/p>\n<\/div>\n\t\t\n<style>\n#text-1500519558 {\n  font-size: 1.45rem;\n  line-height: 1.2;\n}\n<\/style>\n\t<\/div>\n\t\n\n\t\t<\/div>\n\t\t\t\t\n<style>\n#col-296752246 > .col-inner {\n  border-radius: 41px;\n}\n<\/style>\n\t<\/div>\n\n\t\n\n<\/div>\n\t<div id=\"gap-633831532\" class=\"gap-element clearfix\" style=\"display:block; height:auto;\">\n\t\t\n<style>\n#gap-633831532 {\n  padding-top: 54px;\n}\n<\/style>\n\t<\/div>\n\t\n\n\n\t<section class=\"section\" id=\"section_1505502175\">\n\t\t<div class=\"section-bg fill\" >\n\t\t\t\t\t\t\t\t\t\n\t\t\t\n\n\t\t<\/div>\n\n\t\t\n\n\t\t<div class=\"section-content relative\">\n\t\t\t\n\n\n\n\n\n\n\t\t<\/div>\n\n\t\t\n<style>\n#section_1505502175 {\n  padding-top: 30px;\n  padding-bottom: 30px;\n}\n<\/style>\n\t<\/section>\n\t\n\n","protected":false},"excerpt":{"rendered":"","protected":false},"author":1,"featured_media":811,"parent":0,"menu_order":5,"comment_status":"closed","ping_status":"closed","template":"","meta":{"_acf_changed":false,"_uag_custom_page_level_css":"","footnotes":""},"class_list":["post-877","page","type-page","status-publish","has-post-thumbnail","hentry"],"acf":[],"aioseo_notices":[],"uagb_featured_image_src":{"full":["https:\/\/soniachampagne.com\/wp-content\/uploads\/2016\/08\/dummy-1.jpg",400,260,false],"thumbnail":["https:\/\/soniachampagne.com\/wp-content\/uploads\/2016\/08\/dummy-1-150x150.jpg",150,150,true],"medium":["https:\/\/soniachampagne.com\/wp-content\/uploads\/2016\/08\/dummy-1-300x195.jpg",300,195,true],"medium_large":["https:\/\/soniachampagne.com\/wp-content\/uploads\/2016\/08\/dummy-1.jpg",400,260,false],"large":["https:\/\/soniachampagne.com\/wp-content\/uploads\/2016\/08\/dummy-1.jpg",400,260,false],"1536x1536":["https:\/\/soniachampagne.com\/wp-content\/uploads\/2016\/08\/dummy-1.jpg",400,260,false],"2048x2048":["https:\/\/soniachampagne.com\/wp-content\/uploads\/2016\/08\/dummy-1.jpg",400,260,false],"woocommerce_thumbnail":["https:\/\/soniachampagne.com\/wp-content\/uploads\/2016\/08\/dummy-1-300x260.jpg",247,214,true],"woocommerce_single":["https:\/\/soniachampagne.com\/wp-content\/uploads\/2016\/08\/dummy-1.jpg",400,260,false],"woocommerce_gallery_thumbnail":["https:\/\/soniachampagne.com\/wp-content\/uploads\/2016\/08\/dummy-1-100x100.jpg",100,100,true]},"uagb_author_info":{"display_name":"sylcha819@gmail.com","author_link":"https:\/\/soniachampagne.com\/?author=1"},"uagb_comment_info":0,"uagb_excerpt":null,"_links":{"self":[{"href":"https:\/\/soniachampagne.com\/index.php?rest_route=\/wp\/v2\/pages\/877","targetHints":{"allow":["GET"]}}],"collection":[{"href":"https:\/\/soniachampagne.com\/index.php?rest_route=\/wp\/v2\/pages"}],"about":[{"href":"https:\/\/soniachampagne.com\/index.php?rest_route=\/wp\/v2\/types\/page"}],"author":[{"embeddable":true,"href":"https:\/\/soniachampagne.com\/index.php?rest_route=\/wp\/v2\/users\/1"}],"replies":[{"embeddable":true,"href":"https:\/\/soniachampagne.com\/index.php?rest_route=%2Fwp%2Fv2%2Fcomments&post=877"}],"version-history":[{"count":38,"href":"https:\/\/soniachampagne.com\/index.php?rest_route=\/wp\/v2\/pages\/877\/revisions"}],"predecessor-version":[{"id":1424,"href":"https:\/\/soniachampagne.com\/index.php?rest_route=\/wp\/v2\/pages\/877\/revisions\/1424"}],"wp:featuredmedia":[{"embeddable":true,"href":"https:\/\/soniachampagne.com\/index.php?rest_route=\/wp\/v2\/media\/811"}],"wp:attachment":[{"href":"https:\/\/soniachampagne.com\/index.php?rest_route=%2Fwp%2Fv2%2Fmedia&parent=877"}],"curies":[{"name":"wp","href":"https:\/\/api.w.org\/{rel}","templated":true}]}}